{"id":233,"date":"2020-04-27T20:21:47","date_gmt":"2020-04-27T20:21:47","guid":{"rendered":"http:\/\/climashield.wpengine.com\/?page_id=233"},"modified":"2024-02-09T22:31:31","modified_gmt":"2024-02-09T22:31:31","slug":"kunden","status":"publish","type":"page","link":"https:\/\/climashield.com\/de\/kunden\/","title":{"rendered":"Kunden"},"content":{"rendered":"","protected":false},"excerpt":{"rendered":"","protected":false},"author":2,"featured_media":712,"parent":0,"menu_order":0,"comment_status":"closed","ping_status":"closed","template":"templates\/template-customers.php","meta":{"_acf_changed":false,"footnotes":""},"class_list":["post-233","page","type-page","status-publish","has-post-thumbnail","hentry"],"acf":[],"yoast_head":"<!-- This site is optimized with the Yoast SEO plugin v27.4 - https:\/\/yoast.com\/product\/yoast-seo-wordpress\/ -->\n<title>Kunden - Climashield\u00ae - Continuous Filament Insulation<\/title>\n<meta name=\"description\" content=\"Climashield\u00ae beliefert die weltweit beliebtesten Marken f\u00fcr das Milit\u00e4r, Outdoor-Aktivit\u00e4ten und die Hotel- und Gastst\u00e4ttenbranche mit leichten W\u00e4rmeisolierungsprodukten.\" \/>\n<meta name=\"robots\" content=\"index, follow, max-snippet:-1, max-image-preview:large, max-video-preview:-1\" \/>\n<link rel=\"canonical\" href=\"https:\/\/climashield.com\/de\/kunden\/\" \/>\n<meta property=\"og:locale\" content=\"de_DE\" \/>\n<meta property=\"og:type\" content=\"article\" \/>\n<meta property=\"og:title\" content=\"Kunden - Climashield\u00ae - Continuous Filament Insulation\" \/>\n<meta property=\"og:description\" content=\"Climashield\u00ae beliefert die weltweit beliebtesten Marken f\u00fcr das Milit\u00e4r, Outdoor-Aktivit\u00e4ten und die Hotel- und Gastst\u00e4ttenbranche mit leichten W\u00e4rmeisolierungsprodukten.\" \/>\n<meta property=\"og:url\" content=\"https:\/\/climashield.com\/de\/kunden\/\" \/>\n<meta property=\"og:site_name\" content=\"Climashield\u00ae - Continuous Filament Insulation\" \/>\n<meta property=\"article:publisher\" content=\"https:\/\/www.facebook.com\/Climashield\" \/>\n<meta property=\"article:modified_time\" content=\"2024-02-09T22:31:31+00:00\" \/>\n<meta property=\"og:image\" content=\"https:\/\/climashield.com\/wp-content\/uploads\/2020\/03\/joris-berthelot-EnTU_hr9wPA-unsplash.jpg\" \/>\n\t<meta property=\"og:image:width\" content=\"2000\" \/>\n\t<meta property=\"og:image:height\" content=\"1333\" \/>\n\t<meta property=\"og:image:type\" content=\"image\/jpeg\" \/>\n<meta name=\"twitter:card\" content=\"summary_large_image\" \/>\n<meta name=\"twitter:site\" content=\"@ClimashieldUSA\" \/>\n<meta name=\"twitter:label1\" content=\"Gesch\u00e4tzte Lesezeit\" \/>\n\t<meta name=\"twitter:data1\" content=\"1 Minute\" \/>\n<script type=\"application\/ld+json\" class=\"yoast-schema-graph\">{\"@context\":\"https:\\\/\\\/schema.org\",\"@graph\":[{\"@type\":\"WebPage\",\"@id\":\"https:\\\/\\\/climashield.com\\\/de\\\/kunden\\\/\",\"url\":\"https:\\\/\\\/climashield.com\\\/de\\\/kunden\\\/\",\"name\":\"Kunden - Climashield\u00ae - Continuous Filament Insulation\",\"isPartOf\":{\"@id\":\"https:\\\/\\\/climashield.com\\\/de\\\/#website\"},\"primaryImageOfPage\":{\"@id\":\"https:\\\/\\\/climashield.com\\\/de\\\/kunden\\\/#primaryimage\"},\"image\":{\"@id\":\"https:\\\/\\\/climashield.com\\\/de\\\/kunden\\\/#primaryimage\"},\"thumbnailUrl\":\"https:\\\/\\\/climashield.com\\\/wp-content\\\/uploads\\\/2020\\\/03\\\/joris-berthelot-EnTU_hr9wPA-unsplash.jpg\",\"datePublished\":\"2020-04-27T20:21:47+00:00\",\"dateModified\":\"2024-02-09T22:31:31+00:00\",\"description\":\"Climashield\u00ae beliefert die weltweit beliebtesten Marken f\u00fcr das Milit\u00e4r, Outdoor-Aktivit\u00e4ten und die Hotel- und Gastst\u00e4ttenbranche mit leichten W\u00e4rmeisolierungsprodukten.\",\"breadcrumb\":{\"@id\":\"https:\\\/\\\/climashield.com\\\/de\\\/kunden\\\/#breadcrumb\"},\"inLanguage\":\"de-DE\",\"potentialAction\":[{\"@type\":\"ReadAction\",\"target\":[\"https:\\\/\\\/climashield.com\\\/de\\\/kunden\\\/\"]}]},{\"@type\":\"ImageObject\",\"inLanguage\":\"de-DE\",\"@id\":\"https:\\\/\\\/climashield.com\\\/de\\\/kunden\\\/#primaryimage\",\"url\":\"https:\\\/\\\/climashield.com\\\/wp-content\\\/uploads\\\/2020\\\/03\\\/joris-berthelot-EnTU_hr9wPA-unsplash.jpg\",\"contentUrl\":\"https:\\\/\\\/climashield.com\\\/wp-content\\\/uploads\\\/2020\\\/03\\\/joris-berthelot-EnTU_hr9wPA-unsplash.jpg\",\"width\":2000,\"height\":1333,\"caption\":\"Hikers\"},{\"@type\":\"BreadcrumbList\",\"@id\":\"https:\\\/\\\/climashield.com\\\/de\\\/kunden\\\/#breadcrumb\",\"itemListElement\":[{\"@type\":\"ListItem\",\"position\":1,\"name\":\"Home\",\"item\":\"https:\\\/\\\/climashield.com\\\/de\\\/home\\\/\"},{\"@type\":\"ListItem\",\"position\":2,\"name\":\"Kunden\"}]},{\"@type\":\"WebSite\",\"@id\":\"https:\\\/\\\/climashield.com\\\/de\\\/#website\",\"url\":\"https:\\\/\\\/climashield.com\\\/de\\\/\",\"name\":\"Climashield\u00ae - Continuous Filament Insulation\",\"description\":\"Climashield\u00ae is the world leader in the manufacture and development of continuous filament insulation. More than just a brand name, we engineer new technologies and innovate breakthrough performance.\",\"publisher\":{\"@id\":\"https:\\\/\\\/climashield.com\\\/de\\\/#organization\"},\"potentialAction\":[{\"@type\":\"SearchAction\",\"target\":{\"@type\":\"EntryPoint\",\"urlTemplate\":\"https:\\\/\\\/climashield.com\\\/de\\\/?s={search_term_string}\"},\"query-input\":{\"@type\":\"PropertyValueSpecification\",\"valueRequired\":true,\"valueName\":\"search_term_string\"}}],\"inLanguage\":\"de-DE\"},{\"@type\":\"Organization\",\"@id\":\"https:\\\/\\\/climashield.com\\\/de\\\/#organization\",\"name\":\"Climashield\",\"url\":\"https:\\\/\\\/climashield.com\\\/de\\\/\",\"logo\":{\"@type\":\"ImageObject\",\"inLanguage\":\"de-DE\",\"@id\":\"https:\\\/\\\/climashield.com\\\/de\\\/#\\\/schema\\\/logo\\\/image\\\/\",\"url\":\"https:\\\/\\\/climashield.com\\\/wp-content\\\/uploads\\\/2021\\\/03\\\/climashield-logo-red.jpg\",\"contentUrl\":\"https:\\\/\\\/climashield.com\\\/wp-content\\\/uploads\\\/2021\\\/03\\\/climashield-logo-red.jpg\",\"width\":422,\"height\":66,\"caption\":\"Climashield\"},\"image\":{\"@id\":\"https:\\\/\\\/climashield.com\\\/de\\\/#\\\/schema\\\/logo\\\/image\\\/\"},\"sameAs\":[\"https:\\\/\\\/www.facebook.com\\\/Climashield\",\"https:\\\/\\\/x.com\\\/ClimashieldUSA\",\"https:\\\/\\\/www.instagram.com\\\/climashieldusa\\\/\"]}]}<\/script>\n<!-- \/ Yoast SEO plugin. -->","yoast_head_json":{"title":"Kunden - Climashield\u00ae - Continuous Filament Insulation","description":"Climashield\u00ae beliefert die weltweit beliebtesten Marken f\u00fcr das Milit\u00e4r, Outdoor-Aktivit\u00e4ten und die Hotel- und Gastst\u00e4ttenbranche mit leichten W\u00e4rmeisolierungsprodukten.","robots":{"index":"index","follow":"follow","max-snippet":"max-snippet:-1","max-image-preview":"max-image-preview:large","max-video-preview":"max-video-preview:-1"},"canonical":"https:\/\/climashield.com\/de\/kunden\/","og_locale":"de_DE","og_type":"article","og_title":"Kunden - Climashield\u00ae - Continuous Filament Insulation","og_description":"Climashield\u00ae beliefert die weltweit beliebtesten Marken f\u00fcr das Milit\u00e4r, Outdoor-Aktivit\u00e4ten und die Hotel- und Gastst\u00e4ttenbranche mit leichten W\u00e4rmeisolierungsprodukten.","og_url":"https:\/\/climashield.com\/de\/kunden\/","og_site_name":"Climashield\u00ae - Continuous Filament Insulation","article_publisher":"https:\/\/www.facebook.com\/Climashield","article_modified_time":"2024-02-09T22:31:31+00:00","og_image":[{"width":2000,"height":1333,"url":"https:\/\/climashield.com\/wp-content\/uploads\/2020\/03\/joris-berthelot-EnTU_hr9wPA-unsplash.jpg","type":"image\/jpeg"}],"twitter_card":"summary_large_image","twitter_site":"@ClimashieldUSA","twitter_misc":{"Gesch\u00e4tzte Lesezeit":"1 Minute"},"schema":{"@context":"https:\/\/schema.org","@graph":[{"@type":"WebPage","@id":"https:\/\/climashield.com\/de\/kunden\/","url":"https:\/\/climashield.com\/de\/kunden\/","name":"Kunden - Climashield\u00ae - Continuous Filament Insulation","isPartOf":{"@id":"https:\/\/climashield.com\/de\/#website"},"primaryImageOfPage":{"@id":"https:\/\/climashield.com\/de\/kunden\/#primaryimage"},"image":{"@id":"https:\/\/climashield.com\/de\/kunden\/#primaryimage"},"thumbnailUrl":"https:\/\/climashield.com\/wp-content\/uploads\/2020\/03\/joris-berthelot-EnTU_hr9wPA-unsplash.jpg","datePublished":"2020-04-27T20:21:47+00:00","dateModified":"2024-02-09T22:31:31+00:00","description":"Climashield\u00ae beliefert die weltweit beliebtesten Marken f\u00fcr das Milit\u00e4r, Outdoor-Aktivit\u00e4ten und die Hotel- und Gastst\u00e4ttenbranche mit leichten W\u00e4rmeisolierungsprodukten.","breadcrumb":{"@id":"https:\/\/climashield.com\/de\/kunden\/#breadcrumb"},"inLanguage":"de-DE","potentialAction":[{"@type":"ReadAction","target":["https:\/\/climashield.com\/de\/kunden\/"]}]},{"@type":"ImageObject","inLanguage":"de-DE","@id":"https:\/\/climashield.com\/de\/kunden\/#primaryimage","url":"https:\/\/climashield.com\/wp-content\/uploads\/2020\/03\/joris-berthelot-EnTU_hr9wPA-unsplash.jpg","contentUrl":"https:\/\/climashield.com\/wp-content\/uploads\/2020\/03\/joris-berthelot-EnTU_hr9wPA-unsplash.jpg","width":2000,"height":1333,"caption":"Hikers"},{"@type":"BreadcrumbList","@id":"https:\/\/climashield.com\/de\/kunden\/#breadcrumb","itemListElement":[{"@type":"ListItem","position":1,"name":"Home","item":"https:\/\/climashield.com\/de\/home\/"},{"@type":"ListItem","position":2,"name":"Kunden"}]},{"@type":"WebSite","@id":"https:\/\/climashield.com\/de\/#website","url":"https:\/\/climashield.com\/de\/","name":"Climashield\u00ae - Continuous Filament Insulation","description":"Climashield\u00ae is the world leader in the manufacture and development of continuous filament insulation. More than just a brand name, we engineer new technologies and innovate breakthrough performance.","publisher":{"@id":"https:\/\/climashield.com\/de\/#organization"},"potentialAction":[{"@type":"SearchAction","target":{"@type":"EntryPoint","urlTemplate":"https:\/\/climashield.com\/de\/?s={search_term_string}"},"query-input":{"@type":"PropertyValueSpecification","valueRequired":true,"valueName":"search_term_string"}}],"inLanguage":"de-DE"},{"@type":"Organization","@id":"https:\/\/climashield.com\/de\/#organization","name":"Climashield","url":"https:\/\/climashield.com\/de\/","logo":{"@type":"ImageObject","inLanguage":"de-DE","@id":"https:\/\/climashield.com\/de\/#\/schema\/logo\/image\/","url":"https:\/\/climashield.com\/wp-content\/uploads\/2021\/03\/climashield-logo-red.jpg","contentUrl":"https:\/\/climashield.com\/wp-content\/uploads\/2021\/03\/climashield-logo-red.jpg","width":422,"height":66,"caption":"Climashield"},"image":{"@id":"https:\/\/climashield.com\/de\/#\/schema\/logo\/image\/"},"sameAs":["https:\/\/www.facebook.com\/Climashield","https:\/\/x.com\/ClimashieldUSA","https:\/\/www.instagram.com\/climashieldusa\/"]}]}},"_links":{"self":[{"href":"https:\/\/climashield.com\/de\/wp-json\/wp\/v2\/pages\/233","targetHints":{"allow":["GET"]}}],"collection":[{"href":"https:\/\/climashield.com\/de\/wp-json\/wp\/v2\/pages"}],"about":[{"href":"https:\/\/climashield.com\/de\/wp-json\/wp\/v2\/types\/page"}],"author":[{"embeddable":true,"href":"https:\/\/climashield.com\/de\/wp-json\/wp\/v2\/users\/2"}],"replies":[{"embeddable":true,"href":"https:\/\/climashield.com\/de\/wp-json\/wp\/v2\/comments?post=233"}],"version-history":[{"count":0,"href":"https:\/\/climashield.com\/de\/wp-json\/wp\/v2\/pages\/233\/revisions"}],"wp:featuredmedia":[{"embeddable":true,"href":"https:\/\/climashield.com\/de\/wp-json\/wp\/v2\/media\/712"}],"wp:attachment":[{"href":"https:\/\/climashield.com\/de\/wp-json\/wp\/v2\/media?parent=233"}],"curies":[{"name":"wp","href":"https:\/\/api.w.org\/{rel}","templated":true}]}}