{"id":6122,"date":"2024-01-16T20:48:31","date_gmt":"2024-01-16T20:48:31","guid":{"rendered":"https:\/\/climashield.com\/?page_id=6122"},"modified":"2024-02-09T22:33:21","modified_gmt":"2024-02-09T22:33:21","slug":"anwendungen","status":"publish","type":"page","link":"https:\/\/climashield.com\/de\/anwendungen\/","title":{"rendered":"Anwendungen"},"content":{"rendered":"","protected":false},"excerpt":{"rendered":"","protected":false},"author":2,"featured_media":5764,"parent":0,"menu_order":0,"comment_status":"closed","ping_status":"closed","template":"templates\/template-applications-slides.php","meta":{"_acf_changed":false,"footnotes":""},"class_list":["post-6122","page","type-page","status-publish","has-post-thumbnail","hentry"],"acf":[],"yoast_head":"<!-- This site is optimized with the Yoast SEO plugin v27.4 - https:\/\/yoast.com\/product\/yoast-seo-wordpress\/ -->\n<title>Anwendungen - Climashield\u00ae - Continuous Filament Insulation<\/title>\n<meta name=\"description\" content=\"Climashield\u00ae entwickelt hochwertige individuelle Isolierungsl\u00f6sungen f\u00fcr Schlafs\u00e4cke, Outdoor-Bekleidung, Zelte, Bettwaren, Handschuhe und Schuhe.\" \/>\n<meta name=\"robots\" content=\"index, follow, max-snippet:-1, max-image-preview:large, max-video-preview:-1\" \/>\n<link rel=\"canonical\" href=\"https:\/\/climashield.com\/de\/anwendungen\/\" \/>\n<meta property=\"og:locale\" content=\"de_DE\" \/>\n<meta property=\"og:type\" content=\"article\" \/>\n<meta property=\"og:title\" content=\"Anwendungen - Climashield\u00ae - Continuous Filament Insulation\" \/>\n<meta property=\"og:description\" content=\"Climashield\u00ae entwickelt hochwertige individuelle Isolierungsl\u00f6sungen f\u00fcr Schlafs\u00e4cke, Outdoor-Bekleidung, Zelte, Bettwaren, Handschuhe und Schuhe.\" \/>\n<meta property=\"og:url\" content=\"https:\/\/climashield.com\/de\/anwendungen\/\" \/>\n<meta property=\"og:site_name\" content=\"Climashield\u00ae - Continuous Filament Insulation\" \/>\n<meta property=\"article:publisher\" content=\"https:\/\/www.facebook.com\/Climashield\" \/>\n<meta property=\"article:modified_time\" content=\"2024-02-09T22:33:21+00:00\" \/>\n<meta property=\"og:image\" content=\"https:\/\/climashield.com\/wp-content\/uploads\/2023\/11\/ski-poster.jpg\" \/>\n\t<meta property=\"og:image:width\" content=\"1400\" \/>\n\t<meta property=\"og:image:height\" content=\"783\" \/>\n\t<meta property=\"og:image:type\" content=\"image\/jpeg\" \/>\n<meta name=\"twitter:card\" content=\"summary_large_image\" \/>\n<meta name=\"twitter:site\" content=\"@ClimashieldUSA\" \/>\n<meta name=\"twitter:label1\" content=\"Gesch\u00e4tzte Lesezeit\" \/>\n\t<meta name=\"twitter:data1\" content=\"1 Minute\" \/>\n<script type=\"application\/ld+json\" class=\"yoast-schema-graph\">{\"@context\":\"https:\\\/\\\/schema.org\",\"@graph\":[{\"@type\":\"WebPage\",\"@id\":\"https:\\\/\\\/climashield.com\\\/de\\\/anwendungen\\\/\",\"url\":\"https:\\\/\\\/climashield.com\\\/de\\\/anwendungen\\\/\",\"name\":\"Anwendungen - Climashield\u00ae - Continuous Filament Insulation\",\"isPartOf\":{\"@id\":\"https:\\\/\\\/climashield.com\\\/de\\\/#website\"},\"primaryImageOfPage\":{\"@id\":\"https:\\\/\\\/climashield.com\\\/de\\\/anwendungen\\\/#primaryimage\"},\"image\":{\"@id\":\"https:\\\/\\\/climashield.com\\\/de\\\/anwendungen\\\/#primaryimage\"},\"thumbnailUrl\":\"https:\\\/\\\/climashield.com\\\/wp-content\\\/uploads\\\/2023\\\/11\\\/ski-poster.jpg\",\"datePublished\":\"2024-01-16T20:48:31+00:00\",\"dateModified\":\"2024-02-09T22:33:21+00:00\",\"description\":\"Climashield\u00ae entwickelt hochwertige individuelle Isolierungsl\u00f6sungen f\u00fcr Schlafs\u00e4cke, Outdoor-Bekleidung, Zelte, Bettwaren, Handschuhe und Schuhe.\",\"breadcrumb\":{\"@id\":\"https:\\\/\\\/climashield.com\\\/de\\\/anwendungen\\\/#breadcrumb\"},\"inLanguage\":\"de-DE\",\"potentialAction\":[{\"@type\":\"ReadAction\",\"target\":[\"https:\\\/\\\/climashield.com\\\/de\\\/anwendungen\\\/\"]}]},{\"@type\":\"ImageObject\",\"inLanguage\":\"de-DE\",\"@id\":\"https:\\\/\\\/climashield.com\\\/de\\\/anwendungen\\\/#primaryimage\",\"url\":\"https:\\\/\\\/climashield.com\\\/wp-content\\\/uploads\\\/2023\\\/11\\\/ski-poster.jpg\",\"contentUrl\":\"https:\\\/\\\/climashield.com\\\/wp-content\\\/uploads\\\/2023\\\/11\\\/ski-poster.jpg\",\"width\":1400,\"height\":783,\"caption\":\"person skiing\"},{\"@type\":\"BreadcrumbList\",\"@id\":\"https:\\\/\\\/climashield.com\\\/de\\\/anwendungen\\\/#breadcrumb\",\"itemListElement\":[{\"@type\":\"ListItem\",\"position\":1,\"name\":\"Home\",\"item\":\"https:\\\/\\\/climashield.com\\\/de\\\/home\\\/\"},{\"@type\":\"ListItem\",\"position\":2,\"name\":\"Anwendungen\"}]},{\"@type\":\"WebSite\",\"@id\":\"https:\\\/\\\/climashield.com\\\/de\\\/#website\",\"url\":\"https:\\\/\\\/climashield.com\\\/de\\\/\",\"name\":\"Climashield\u00ae - Continuous Filament Insulation\",\"description\":\"Climashield\u00ae is the world leader in the manufacture and development of continuous filament insulation. More than just a brand name, we engineer new technologies and innovate breakthrough performance.\",\"publisher\":{\"@id\":\"https:\\\/\\\/climashield.com\\\/de\\\/#organization\"},\"potentialAction\":[{\"@type\":\"SearchAction\",\"target\":{\"@type\":\"EntryPoint\",\"urlTemplate\":\"https:\\\/\\\/climashield.com\\\/de\\\/?s={search_term_string}\"},\"query-input\":{\"@type\":\"PropertyValueSpecification\",\"valueRequired\":true,\"valueName\":\"search_term_string\"}}],\"inLanguage\":\"de-DE\"},{\"@type\":\"Organization\",\"@id\":\"https:\\\/\\\/climashield.com\\\/de\\\/#organization\",\"name\":\"Climashield\",\"url\":\"https:\\\/\\\/climashield.com\\\/de\\\/\",\"logo\":{\"@type\":\"ImageObject\",\"inLanguage\":\"de-DE\",\"@id\":\"https:\\\/\\\/climashield.com\\\/de\\\/#\\\/schema\\\/logo\\\/image\\\/\",\"url\":\"https:\\\/\\\/climashield.com\\\/wp-content\\\/uploads\\\/2021\\\/03\\\/climashield-logo-red.jpg\",\"contentUrl\":\"https:\\\/\\\/climashield.com\\\/wp-content\\\/uploads\\\/2021\\\/03\\\/climashield-logo-red.jpg\",\"width\":422,\"height\":66,\"caption\":\"Climashield\"},\"image\":{\"@id\":\"https:\\\/\\\/climashield.com\\\/de\\\/#\\\/schema\\\/logo\\\/image\\\/\"},\"sameAs\":[\"https:\\\/\\\/www.facebook.com\\\/Climashield\",\"https:\\\/\\\/x.com\\\/ClimashieldUSA\",\"https:\\\/\\\/www.instagram.com\\\/climashieldusa\\\/\"]}]}<\/script>\n<!-- \/ Yoast SEO plugin. -->","yoast_head_json":{"title":"Anwendungen - Climashield\u00ae - Continuous Filament Insulation","description":"Climashield\u00ae entwickelt hochwertige individuelle Isolierungsl\u00f6sungen f\u00fcr Schlafs\u00e4cke, Outdoor-Bekleidung, Zelte, Bettwaren, Handschuhe und Schuhe.","robots":{"index":"index","follow":"follow","max-snippet":"max-snippet:-1","max-image-preview":"max-image-preview:large","max-video-preview":"max-video-preview:-1"},"canonical":"https:\/\/climashield.com\/de\/anwendungen\/","og_locale":"de_DE","og_type":"article","og_title":"Anwendungen - Climashield\u00ae - Continuous Filament Insulation","og_description":"Climashield\u00ae entwickelt hochwertige individuelle Isolierungsl\u00f6sungen f\u00fcr Schlafs\u00e4cke, Outdoor-Bekleidung, Zelte, Bettwaren, Handschuhe und Schuhe.","og_url":"https:\/\/climashield.com\/de\/anwendungen\/","og_site_name":"Climashield\u00ae - Continuous Filament Insulation","article_publisher":"https:\/\/www.facebook.com\/Climashield","article_modified_time":"2024-02-09T22:33:21+00:00","og_image":[{"width":1400,"height":783,"url":"https:\/\/climashield.com\/wp-content\/uploads\/2023\/11\/ski-poster.jpg","type":"image\/jpeg"}],"twitter_card":"summary_large_image","twitter_site":"@ClimashieldUSA","twitter_misc":{"Gesch\u00e4tzte Lesezeit":"1 Minute"},"schema":{"@context":"https:\/\/schema.org","@graph":[{"@type":"WebPage","@id":"https:\/\/climashield.com\/de\/anwendungen\/","url":"https:\/\/climashield.com\/de\/anwendungen\/","name":"Anwendungen - Climashield\u00ae - Continuous Filament Insulation","isPartOf":{"@id":"https:\/\/climashield.com\/de\/#website"},"primaryImageOfPage":{"@id":"https:\/\/climashield.com\/de\/anwendungen\/#primaryimage"},"image":{"@id":"https:\/\/climashield.com\/de\/anwendungen\/#primaryimage"},"thumbnailUrl":"https:\/\/climashield.com\/wp-content\/uploads\/2023\/11\/ski-poster.jpg","datePublished":"2024-01-16T20:48:31+00:00","dateModified":"2024-02-09T22:33:21+00:00","description":"Climashield\u00ae entwickelt hochwertige individuelle Isolierungsl\u00f6sungen f\u00fcr Schlafs\u00e4cke, Outdoor-Bekleidung, Zelte, Bettwaren, Handschuhe und Schuhe.","breadcrumb":{"@id":"https:\/\/climashield.com\/de\/anwendungen\/#breadcrumb"},"inLanguage":"de-DE","potentialAction":[{"@type":"ReadAction","target":["https:\/\/climashield.com\/de\/anwendungen\/"]}]},{"@type":"ImageObject","inLanguage":"de-DE","@id":"https:\/\/climashield.com\/de\/anwendungen\/#primaryimage","url":"https:\/\/climashield.com\/wp-content\/uploads\/2023\/11\/ski-poster.jpg","contentUrl":"https:\/\/climashield.com\/wp-content\/uploads\/2023\/11\/ski-poster.jpg","width":1400,"height":783,"caption":"person skiing"},{"@type":"BreadcrumbList","@id":"https:\/\/climashield.com\/de\/anwendungen\/#breadcrumb","itemListElement":[{"@type":"ListItem","position":1,"name":"Home","item":"https:\/\/climashield.com\/de\/home\/"},{"@type":"ListItem","position":2,"name":"Anwendungen"}]},{"@type":"WebSite","@id":"https:\/\/climashield.com\/de\/#website","url":"https:\/\/climashield.com\/de\/","name":"Climashield\u00ae - Continuous Filament Insulation","description":"Climashield\u00ae is the world leader in the manufacture and development of continuous filament insulation. More than just a brand name, we engineer new technologies and innovate breakthrough performance.","publisher":{"@id":"https:\/\/climashield.com\/de\/#organization"},"potentialAction":[{"@type":"SearchAction","target":{"@type":"EntryPoint","urlTemplate":"https:\/\/climashield.com\/de\/?s={search_term_string}"},"query-input":{"@type":"PropertyValueSpecification","valueRequired":true,"valueName":"search_term_string"}}],"inLanguage":"de-DE"},{"@type":"Organization","@id":"https:\/\/climashield.com\/de\/#organization","name":"Climashield","url":"https:\/\/climashield.com\/de\/","logo":{"@type":"ImageObject","inLanguage":"de-DE","@id":"https:\/\/climashield.com\/de\/#\/schema\/logo\/image\/","url":"https:\/\/climashield.com\/wp-content\/uploads\/2021\/03\/climashield-logo-red.jpg","contentUrl":"https:\/\/climashield.com\/wp-content\/uploads\/2021\/03\/climashield-logo-red.jpg","width":422,"height":66,"caption":"Climashield"},"image":{"@id":"https:\/\/climashield.com\/de\/#\/schema\/logo\/image\/"},"sameAs":["https:\/\/www.facebook.com\/Climashield","https:\/\/x.com\/ClimashieldUSA","https:\/\/www.instagram.com\/climashieldusa\/"]}]}},"_links":{"self":[{"href":"https:\/\/climashield.com\/de\/wp-json\/wp\/v2\/pages\/6122","targetHints":{"allow":["GET"]}}],"collection":[{"href":"https:\/\/climashield.com\/de\/wp-json\/wp\/v2\/pages"}],"about":[{"href":"https:\/\/climashield.com\/de\/wp-json\/wp\/v2\/types\/page"}],"author":[{"embeddable":true,"href":"https:\/\/climashield.com\/de\/wp-json\/wp\/v2\/users\/2"}],"replies":[{"embeddable":true,"href":"https:\/\/climashield.com\/de\/wp-json\/wp\/v2\/comments?post=6122"}],"version-history":[{"count":0,"href":"https:\/\/climashield.com\/de\/wp-json\/wp\/v2\/pages\/6122\/revisions"}],"wp:featuredmedia":[{"embeddable":true,"href":"https:\/\/climashield.com\/de\/wp-json\/wp\/v2\/media\/5764"}],"wp:attachment":[{"href":"https:\/\/climashield.com\/de\/wp-json\/wp\/v2\/media?parent=6122"}],"curies":[{"name":"wp","href":"https:\/\/api.w.org\/{rel}","templated":true}]}}