{"id":7064,"date":"2024-04-26T17:44:59","date_gmt":"2024-04-26T17:44:59","guid":{"rendered":"https:\/\/climashield.com\/start\/"},"modified":"2024-04-29T21:41:29","modified_gmt":"2024-04-29T21:41:29","slug":"start","status":"publish","type":"page","link":"https:\/\/climashield.com\/de\/start\/","title":{"rendered":"Start"},"content":{"rendered":"<p style=\"text-align: center;\"><span style=\"color: #333333;\">Bitte f\u00fcllen Sie dieses Formular aus, um Muster, Preise und Spezifikationen f\u00fcr unsere Isolierprodukte anzufordern. Unser Team setzt sich dann mit Ihnen in Verbindung. Wir werden uns in K\u00fcrze mit Ihnen in Verbindung setzen.<\/span><\/p>\n<p style=\"text-align: center;\"><script type=\"text\/javascript\">\n\/* <![CDATA[ *\/\nvar gform;gform||(document.addEventListener(\"gform_main_scripts_loaded\",function(){gform.scriptsLoaded=!0}),document.addEventListener(\"gform\/theme\/scripts_loaded\",function(){gform.themeScriptsLoaded=!0}),window.addEventListener(\"DOMContentLoaded\",function(){gform.domLoaded=!0}),gform={domLoaded:!1,scriptsLoaded:!1,themeScriptsLoaded:!1,isFormEditor:()=>\"function\"==typeof InitializeEditor,callIfLoaded:function(o){return!(!gform.domLoaded||!gform.scriptsLoaded||!gform.themeScriptsLoaded&&!gform.isFormEditor()||(gform.isFormEditor()&&console.warn(\"The use of gform.initializeOnLoaded() is deprecated in the form editor context and will be removed in Gravity Forms 3.1.\"),o(),0))},initializeOnLoaded:function(o){gform.callIfLoaded(o)||(document.addEventListener(\"gform_main_scripts_loaded\",()=>{gform.scriptsLoaded=!0,gform.callIfLoaded(o)}),document.addEventListener(\"gform\/theme\/scripts_loaded\",()=>{gform.themeScriptsLoaded=!0,gform.callIfLoaded(o)}),window.addEventListener(\"DOMContentLoaded\",()=>{gform.domLoaded=!0,gform.callIfLoaded(o)}))},hooks:{action:{},filter:{}},addAction:function(o,r,e,t){gform.addHook(\"action\",o,r,e,t)},addFilter:function(o,r,e,t){gform.addHook(\"filter\",o,r,e,t)},doAction:function(o){gform.doHook(\"action\",o,arguments)},applyFilters:function(o){return gform.doHook(\"filter\",o,arguments)},removeAction:function(o,r){gform.removeHook(\"action\",o,r)},removeFilter:function(o,r,e){gform.removeHook(\"filter\",o,r,e)},addHook:function(o,r,e,t,n){null==gform.hooks[o][r]&&(gform.hooks[o][r]=[]);var d=gform.hooks[o][r];null==n&&(n=r+\"_\"+d.length),gform.hooks[o][r].push({tag:n,callable:e,priority:t=null==t?10:t})},doHook:function(r,o,e){var t;if(e=Array.prototype.slice.call(e,1),null!=gform.hooks[r][o]&&((o=gform.hooks[r][o]).sort(function(o,r){return o.priority-r.priority}),o.forEach(function(o){\"function\"!=typeof(t=o.callable)&&(t=window[t]),\"action\"==r?t.apply(null,e):e[0]=t.apply(null,e)})),\"filter\"==r)return e[0]},removeHook:function(o,r,t,n){var e;null!=gform.hooks[o][r]&&(e=(e=gform.hooks[o][r]).filter(function(o,r,e){return!!(null!=n&&n!=o.tag||null!=t&&t!=o.priority)}),gform.hooks[o][r]=e)}});\n\/* ]]> *\/\n<\/script>\n\n                <div class='gf_browser_gecko gform_wrapper gform_legacy_markup_wrapper gform-theme--no-framework' data-form-theme='legacy' data-form-index='0' id='gform_wrapper_1' ><div id='gf_1' class='gform_anchor' tabindex='-1'><\/div><form method='post' enctype='multipart\/form-data' target='gform_ajax_frame_1' id='gform_1'  action='\/de\/wp-json\/wp\/v2\/pages\/7064#gf_1' data-formid='1' novalidate>\n                        <div class='gform-body gform_body'><ul id='gform_fields_1' class='gform_fields top_label form_sublabel_below description_below validation_below'><li id=\"field_1_1\" class=\"gfield gfield--type-name gfield_contains_required field_sublabel_below gfield--no-description field_description_below field_validation_below gfield_visibility_visible\"  ><label class='gfield_label gform-field-label gfield_label_before_complex' >Name<span class=\"gfield_required\"><span class=\"gfield_required gfield_required_asterisk\">*<\/span><\/span><\/label><div class='ginput_complex ginput_container ginput_container--name no_prefix has_first_name no_middle_name has_last_name no_suffix gf_name_has_2 ginput_container_name gform-grid-row' id='input_1_1'>\n                            \n                            <span id='input_1_1_3_container' class='name_first gform-grid-col gform-grid-col--size-auto' >\n                                                    <input type='text' name='input_1.3' id='input_1_1_3' value='' tabindex='50'  aria-required='true'     \/>\n                                                    <label for='input_1_1_3' class='gform-field-label gform-field-label--type-sub '>Vorname<\/label>\n                                                <\/span>\n                            \n                            <span id='input_1_1_6_container' class='name_last gform-grid-col gform-grid-col--size-auto' >\n                                                    <input type='text' name='input_1.6' id='input_1_1_6' value='' tabindex='52'  aria-required='true'     \/>\n                                                    <label for='input_1_1_6' class='gform-field-label gform-field-label--type-sub '>Nachname<\/label>\n                                                <\/span>\n                            \n                        <\/div><\/li><li id=\"field_1_3\" class=\"gfield gfield--type-text gfield_contains_required field_sublabel_below gfield--no-description field_description_below field_validation_below gfield_visibility_visible\"  ><label class='gfield_label gform-field-label' for='input_1_3'>Unternehmen<span class=\"gfield_required\"><span class=\"gfield_required gfield_required_asterisk\">*<\/span><\/span><\/label><div class='ginput_container ginput_container_text'><input name='input_3' id='input_1_3' type='text' value='' class='large'   tabindex='54'  aria-required=\"true\" aria-invalid=\"false\"   \/><\/div><\/li><li id=\"field_1_6\" class=\"gfield gfield--type-text gfield_contains_required field_sublabel_below gfield--no-description field_description_below field_validation_below gfield_visibility_visible\"  ><label class='gfield_label gform-field-label' for='input_1_6'>Titel<span class=\"gfield_required\"><span class=\"gfield_required gfield_required_asterisk\">*<\/span><\/span><\/label><div class='ginput_container ginput_container_text'><input name='input_6' id='input_1_6' type='text' value='' class='large'   tabindex='55'  aria-required=\"true\" aria-invalid=\"false\"   \/><\/div><\/li><li id=\"field_1_2\" class=\"gfield gfield--type-email gfield_contains_required field_sublabel_below gfield--no-description field_description_below field_validation_below gfield_visibility_visible\"  ><label class='gfield_label gform-field-label' for='input_1_2'>E-Mail-Adresse<span class=\"gfield_required\"><span class=\"gfield_required gfield_required_asterisk\">*<\/span><\/span><\/label><div class='ginput_container ginput_container_email'>\n                            <input name='input_2' id='input_1_2' type='email' value='' class='large' tabindex='56'   aria-required=\"true\" aria-invalid=\"false\"  \/>\n                        <\/div><\/li><li id=\"field_1_5\" class=\"gfield gfield--type-phone field_sublabel_below gfield--no-description field_description_below field_validation_below gfield_visibility_visible\"  ><label class='gfield_label gform-field-label' for='input_1_5'>Telefonnummer<\/label><div class='ginput_container ginput_container_phone'><input name='input_5' id='input_1_5' type='tel' value='' class='large' tabindex='57'   aria-invalid=\"false\"   \/><\/div><\/li><li id=\"field_1_7\" class=\"gfield gfield--type-textarea gfield_contains_required field_sublabel_below gfield--no-description field_description_below field_validation_below gfield_visibility_visible\"  ><label class='gfield_label gform-field-label' for='input_1_7'>Wof\u00fcr interessieren Sie sich?<span class=\"gfield_required\"><span class=\"gfield_required gfield_required_asterisk\">*<\/span><\/span><\/label><div class='ginput_container ginput_container_textarea'><textarea name='input_7' id='input_1_7' class='textarea medium' tabindex='58'    aria-required=\"true\" aria-invalid=\"false\"   rows='10' cols='50'><\/textarea><\/div><\/li><li id=\"field_1_4\" class=\"gfield gfield--type-captcha field_sublabel_below gfield--no-description field_description_below field_validation_below gfield_visibility_visible\"  ><label class='gfield_label gform-field-label' for='input_1_4'>CAPTCHA<\/label><div id='input_1_4' class='ginput_container ginput_recaptcha' data-sitekey='6LfZWYoaAAAAAL3XgAHz0nmowlBnPPGmzki7XUUH'  data-theme='light' data-tabindex='59'  data-badge=''><\/div><\/li><\/ul><\/div>\n        <div class='gform-footer gform_footer top_label'> <input type='submit' id='gform_submit_button_1' class='gform_button button' onclick='gform.submission.handleButtonClick(this);' data-submission-type='submit' value='Absenden' tabindex='60' \/> <input type='hidden' name='gform_ajax' value='form_id=1&amp;title=&amp;description=&amp;tabindex=49&amp;theme=legacy&amp;styles=[]&amp;hash=a0d81f30c5aa9e3fb81b99444a1e518e' \/>\n            <input type='hidden' class='gform_hidden' name='gform_submission_method' data-js='gform_submission_method_1' value='iframe' \/>\n            <input type='hidden' class='gform_hidden' name='gform_theme' data-js='gform_theme_1' id='gform_theme_1' value='legacy' \/>\n            <input type='hidden' class='gform_hidden' name='gform_style_settings' data-js='gform_style_settings_1' id='gform_style_settings_1' value='[]' \/>\n            <input type='hidden' class='gform_hidden' name='is_submit_1' value='1' \/>\n            <input type='hidden' class='gform_hidden' name='gform_submit' value='1' \/>\n            \n            <input type='hidden' class='gform_hidden' name='gform_currency' data-currency='USD' value='R1e3urEOjGdsTYcggnpQcsSMLawLxLm6gGJ2c6esRq1Q+bjNAf6NxStuWL5KRYIs8zdJuxgjoihW+qrCnqE9zltGnqhgwEk5tZFPABA7nCjj72c=' \/>\n            <input type='hidden' class='gform_hidden' name='gform_unique_id' value='' \/>\n            <input type='hidden' class='gform_hidden' name='state_1' value='WyJbXSIsIjAzYjJhNzZiZTEzMjRmNTFmMTAwMzBlMTA0YWVkNjMwIl0=' \/>\n            <input type='hidden' autocomplete='off' class='gform_hidden' name='gform_target_page_number_1' id='gform_target_page_number_1' value='0' \/>\n            <input type='hidden' autocomplete='off' class='gform_hidden' name='gform_source_page_number_1' id='gform_source_page_number_1' value='1' \/>\n            <input type='hidden' name='gform_field_values' value='' \/>\n            \n        <\/div>\n                        <\/form>\n                        <\/div>\n\t\t                <iframe style='display:none;width:0px;height:0px;' src='about:blank' name='gform_ajax_frame_1' id='gform_ajax_frame_1' title='Dieser iframe enth\u00e4lt die erforderliche Logik um Gravity Forms Formulare mit AJAX zu handhaben.'><\/iframe>\n\t\t                <script type=\"text\/javascript\">\n\/* <![CDATA[ *\/\n gform.initializeOnLoaded( function() {gformInitSpinner( 1, 'https:\/\/climashield.com\/wp-content\/plugins\/gravityforms\/images\/spinner.svg', true );jQuery('#gform_ajax_frame_1').on('load',function(){var contents = jQuery(this).contents().find('*').html();var is_postback = contents.indexOf('GF_AJAX_POSTBACK') >= 0;if(!is_postback){return;}var form_content = jQuery(this).contents().find('#gform_wrapper_1');var is_confirmation = jQuery(this).contents().find('#gform_confirmation_wrapper_1').length > 0;var is_redirect = contents.indexOf('gformRedirect(){') >= 0;var is_form = form_content.length > 0 && ! is_redirect && ! is_confirmation;var mt = parseInt(jQuery('html').css('margin-top'), 10) + parseInt(jQuery('body').css('margin-top'), 10) + 100;if(is_form){jQuery('#gform_wrapper_1').html(form_content.html());if(form_content.hasClass('gform_validation_error')){jQuery('#gform_wrapper_1').addClass('gform_validation_error');} else {jQuery('#gform_wrapper_1').removeClass('gform_validation_error');}setTimeout( function() { \/* delay the scroll by 50 milliseconds to fix a bug in chrome *\/ jQuery(document).scrollTop(jQuery('#gform_wrapper_1').offset().top - mt); }, 50 );if(window['gformInitDatepicker']) {gformInitDatepicker();}if(window['gformInitPriceFields']) {gformInitPriceFields();}var current_page = jQuery('#gform_source_page_number_1').val();gformInitSpinner( 1, 'https:\/\/climashield.com\/wp-content\/plugins\/gravityforms\/images\/spinner.svg', true );jQuery(document).trigger('gform_page_loaded', [1, current_page]);window['gf_submitting_1'] = false;}else if(!is_redirect){var confirmation_content = jQuery(this).contents().find('.GF_AJAX_POSTBACK').html();if(!confirmation_content){confirmation_content = contents;}jQuery('#gform_wrapper_1').replaceWith(confirmation_content);jQuery(document).scrollTop(jQuery('#gf_1').offset().top - mt);jQuery(document).trigger('gform_confirmation_loaded', [1]);window['gf_submitting_1'] = false;wp.a11y.speak(jQuery('#gform_confirmation_message_1').text());}else{jQuery('#gform_1').append(contents);if(window['gformRedirect']) {gformRedirect();}}jQuery(document).trigger(\"gform_pre_post_render\", [{ formId: \"1\", currentPage: \"current_page\", abort: function() { this.preventDefault(); } }]);        if (event && event.defaultPrevented) {                return;        }        const gformWrapperDiv = document.getElementById( \"gform_wrapper_1\" );        if ( gformWrapperDiv ) {            const visibilitySpan = document.createElement( \"span\" );            visibilitySpan.id = \"gform_visibility_test_1\";            gformWrapperDiv.insertAdjacentElement( \"afterend\", visibilitySpan );        }        const visibilityTestDiv = document.getElementById( \"gform_visibility_test_1\" );        let postRenderFired = false;        function triggerPostRender() {            if ( postRenderFired ) {                return;            }            postRenderFired = true;            gform.core.triggerPostRenderEvents( 1, current_page );            if ( visibilityTestDiv ) {                visibilityTestDiv.parentNode.removeChild( visibilityTestDiv );            }        }        function debounce( func, wait, immediate ) {            var timeout;            return function() {                var context = this, args = arguments;                var later = function() {                    timeout = null;                    if ( !immediate ) func.apply( context, args );                };                var callNow = immediate && !timeout;                clearTimeout( timeout );                timeout = setTimeout( later, wait );                if ( callNow ) func.apply( context, args );            };        }        const debouncedTriggerPostRender = debounce( function() {            triggerPostRender();        }, 200 );        if ( visibilityTestDiv && visibilityTestDiv.offsetParent === null ) {            const observer = new MutationObserver( ( mutations ) => {                mutations.forEach( ( mutation ) => {                    if ( mutation.type === 'attributes' && visibilityTestDiv.offsetParent !== null ) {                        debouncedTriggerPostRender();                        observer.disconnect();                    }                });            });            observer.observe( document.body, {                attributes: true,                childList: false,                subtree: true,                attributeFilter: [ 'style', 'class' ],            });        } else {            triggerPostRender();        }    } );} ); \n\/* ]]> *\/\n<\/script>\n<\/p>\n","protected":false},"excerpt":{"rendered":"<p>Bitte f\u00fcllen Sie dieses Formular aus, um Muster, Preise und Spezifikationen f\u00fcr unsere Isolierprodukte anzufordern. Unser Team setzt sich dann mit Ihnen in Verbindung. Wir werden uns in K\u00fcrze mit<a class=\"moretag\" \n href=\"https:\/\/climashield.com\/de\/start\/\">&#8230;<\/a><\/p>\n","protected":false},"author":2,"featured_media":0,"parent":0,"menu_order":0,"comment_status":"closed","ping_status":"closed","template":"templates\/template-contact.php","meta":{"_acf_changed":false,"footnotes":""},"class_list":["post-7064","page","type-page","status-publish","hentry"],"acf":[],"yoast_head":"<!-- This site is optimized with the Yoast SEO plugin v27.4 - https:\/\/yoast.com\/product\/yoast-seo-wordpress\/ -->\n<title>Start - Climashield\u00ae - Continuous Filament Insulation<\/title>\n<meta name=\"description\" content=\"Bitte f\u00fcllen Sie dieses Formular aus, um Muster, Preise und Spezifikationen f\u00fcr unsere Isolierprodukte anzufordern. Unser Team setzt sich dann mit Ihnen in Verbindung.\" \/>\n<meta name=\"robots\" content=\"index, follow, max-snippet:-1, max-image-preview:large, max-video-preview:-1\" \/>\n<link rel=\"canonical\" href=\"https:\/\/climashield.com\/de\/start\/\" \/>\n<meta property=\"og:locale\" content=\"de_DE\" \/>\n<meta property=\"og:type\" content=\"article\" \/>\n<meta property=\"og:title\" content=\"Start - Climashield\u00ae - Continuous Filament Insulation\" \/>\n<meta property=\"og:description\" content=\"Bitte f\u00fcllen Sie dieses Formular aus, um Muster, Preise und Spezifikationen f\u00fcr unsere Isolierprodukte anzufordern. Unser Team setzt sich dann mit Ihnen in Verbindung.\" \/>\n<meta property=\"og:url\" content=\"https:\/\/climashield.com\/de\/start\/\" \/>\n<meta property=\"og:site_name\" content=\"Climashield\u00ae - Continuous Filament Insulation\" \/>\n<meta property=\"article:publisher\" content=\"https:\/\/www.facebook.com\/Climashield\" \/>\n<meta property=\"article:modified_time\" content=\"2024-04-29T21:41:29+00:00\" \/>\n<meta property=\"og:image\" content=\"https:\/\/climashield.com\/wp-content\/uploads\/2020\/04\/Jacket-1.jpg\" \/>\n\t<meta property=\"og:image:width\" content=\"2000\" \/>\n\t<meta property=\"og:image:height\" content=\"1334\" \/>\n\t<meta property=\"og:image:type\" content=\"image\/jpeg\" \/>\n<meta name=\"twitter:card\" content=\"summary_large_image\" \/>\n<meta name=\"twitter:site\" content=\"@ClimashieldUSA\" \/>\n<script type=\"application\/ld+json\" class=\"yoast-schema-graph\">{\"@context\":\"https:\\\/\\\/schema.org\",\"@graph\":[{\"@type\":\"WebPage\",\"@id\":\"https:\\\/\\\/climashield.com\\\/de\\\/start\\\/\",\"url\":\"https:\\\/\\\/climashield.com\\\/de\\\/start\\\/\",\"name\":\"Start - Climashield\u00ae - Continuous Filament Insulation\",\"isPartOf\":{\"@id\":\"https:\\\/\\\/climashield.com\\\/de\\\/#website\"},\"datePublished\":\"2024-04-26T17:44:59+00:00\",\"dateModified\":\"2024-04-29T21:41:29+00:00\",\"description\":\"Bitte f\u00fcllen Sie dieses Formular aus, um Muster, Preise und Spezifikationen f\u00fcr unsere Isolierprodukte anzufordern. Unser Team setzt sich dann mit Ihnen in Verbindung.\",\"breadcrumb\":{\"@id\":\"https:\\\/\\\/climashield.com\\\/de\\\/start\\\/#breadcrumb\"},\"inLanguage\":\"de-DE\",\"potentialAction\":[{\"@type\":\"ReadAction\",\"target\":[\"https:\\\/\\\/climashield.com\\\/de\\\/start\\\/\"]}]},{\"@type\":\"BreadcrumbList\",\"@id\":\"https:\\\/\\\/climashield.com\\\/de\\\/start\\\/#breadcrumb\",\"itemListElement\":[{\"@type\":\"ListItem\",\"position\":1,\"name\":\"Home\",\"item\":\"https:\\\/\\\/climashield.com\\\/de\\\/home\\\/\"},{\"@type\":\"ListItem\",\"position\":2,\"name\":\"Start\"}]},{\"@type\":\"WebSite\",\"@id\":\"https:\\\/\\\/climashield.com\\\/de\\\/#website\",\"url\":\"https:\\\/\\\/climashield.com\\\/de\\\/\",\"name\":\"Climashield\u00ae - Continuous Filament Insulation\",\"description\":\"Climashield\u00ae is the world leader in the manufacture and development of continuous filament insulation. More than just a brand name, we engineer new technologies and innovate breakthrough performance.\",\"publisher\":{\"@id\":\"https:\\\/\\\/climashield.com\\\/de\\\/#organization\"},\"potentialAction\":[{\"@type\":\"SearchAction\",\"target\":{\"@type\":\"EntryPoint\",\"urlTemplate\":\"https:\\\/\\\/climashield.com\\\/de\\\/?s={search_term_string}\"},\"query-input\":{\"@type\":\"PropertyValueSpecification\",\"valueRequired\":true,\"valueName\":\"search_term_string\"}}],\"inLanguage\":\"de-DE\"},{\"@type\":\"Organization\",\"@id\":\"https:\\\/\\\/climashield.com\\\/de\\\/#organization\",\"name\":\"Climashield\",\"url\":\"https:\\\/\\\/climashield.com\\\/de\\\/\",\"logo\":{\"@type\":\"ImageObject\",\"inLanguage\":\"de-DE\",\"@id\":\"https:\\\/\\\/climashield.com\\\/de\\\/#\\\/schema\\\/logo\\\/image\\\/\",\"url\":\"https:\\\/\\\/climashield.com\\\/wp-content\\\/uploads\\\/2021\\\/03\\\/climashield-logo-red.jpg\",\"contentUrl\":\"https:\\\/\\\/climashield.com\\\/wp-content\\\/uploads\\\/2021\\\/03\\\/climashield-logo-red.jpg\",\"width\":422,\"height\":66,\"caption\":\"Climashield\"},\"image\":{\"@id\":\"https:\\\/\\\/climashield.com\\\/de\\\/#\\\/schema\\\/logo\\\/image\\\/\"},\"sameAs\":[\"https:\\\/\\\/www.facebook.com\\\/Climashield\",\"https:\\\/\\\/x.com\\\/ClimashieldUSA\",\"https:\\\/\\\/www.instagram.com\\\/climashieldusa\\\/\"]}]}<\/script>\n<!-- \/ Yoast SEO plugin. -->","yoast_head_json":{"title":"Start - Climashield\u00ae - Continuous Filament Insulation","description":"Bitte f\u00fcllen Sie dieses Formular aus, um Muster, Preise und Spezifikationen f\u00fcr unsere Isolierprodukte anzufordern. Unser Team setzt sich dann mit Ihnen in Verbindung.","robots":{"index":"index","follow":"follow","max-snippet":"max-snippet:-1","max-image-preview":"max-image-preview:large","max-video-preview":"max-video-preview:-1"},"canonical":"https:\/\/climashield.com\/de\/start\/","og_locale":"de_DE","og_type":"article","og_title":"Start - Climashield\u00ae - Continuous Filament Insulation","og_description":"Bitte f\u00fcllen Sie dieses Formular aus, um Muster, Preise und Spezifikationen f\u00fcr unsere Isolierprodukte anzufordern. Unser Team setzt sich dann mit Ihnen in Verbindung.","og_url":"https:\/\/climashield.com\/de\/start\/","og_site_name":"Climashield\u00ae - Continuous Filament Insulation","article_publisher":"https:\/\/www.facebook.com\/Climashield","article_modified_time":"2024-04-29T21:41:29+00:00","og_image":[{"width":2000,"height":1334,"url":"https:\/\/climashield.com\/wp-content\/uploads\/2020\/04\/Jacket-1.jpg","type":"image\/jpeg"}],"twitter_card":"summary_large_image","twitter_site":"@ClimashieldUSA","schema":{"@context":"https:\/\/schema.org","@graph":[{"@type":"WebPage","@id":"https:\/\/climashield.com\/de\/start\/","url":"https:\/\/climashield.com\/de\/start\/","name":"Start - Climashield\u00ae - Continuous Filament Insulation","isPartOf":{"@id":"https:\/\/climashield.com\/de\/#website"},"datePublished":"2024-04-26T17:44:59+00:00","dateModified":"2024-04-29T21:41:29+00:00","description":"Bitte f\u00fcllen Sie dieses Formular aus, um Muster, Preise und Spezifikationen f\u00fcr unsere Isolierprodukte anzufordern. Unser Team setzt sich dann mit Ihnen in Verbindung.","breadcrumb":{"@id":"https:\/\/climashield.com\/de\/start\/#breadcrumb"},"inLanguage":"de-DE","potentialAction":[{"@type":"ReadAction","target":["https:\/\/climashield.com\/de\/start\/"]}]},{"@type":"BreadcrumbList","@id":"https:\/\/climashield.com\/de\/start\/#breadcrumb","itemListElement":[{"@type":"ListItem","position":1,"name":"Home","item":"https:\/\/climashield.com\/de\/home\/"},{"@type":"ListItem","position":2,"name":"Start"}]},{"@type":"WebSite","@id":"https:\/\/climashield.com\/de\/#website","url":"https:\/\/climashield.com\/de\/","name":"Climashield\u00ae - Continuous Filament Insulation","description":"Climashield\u00ae is the world leader in the manufacture and development of continuous filament insulation. More than just a brand name, we engineer new technologies and innovate breakthrough performance.","publisher":{"@id":"https:\/\/climashield.com\/de\/#organization"},"potentialAction":[{"@type":"SearchAction","target":{"@type":"EntryPoint","urlTemplate":"https:\/\/climashield.com\/de\/?s={search_term_string}"},"query-input":{"@type":"PropertyValueSpecification","valueRequired":true,"valueName":"search_term_string"}}],"inLanguage":"de-DE"},{"@type":"Organization","@id":"https:\/\/climashield.com\/de\/#organization","name":"Climashield","url":"https:\/\/climashield.com\/de\/","logo":{"@type":"ImageObject","inLanguage":"de-DE","@id":"https:\/\/climashield.com\/de\/#\/schema\/logo\/image\/","url":"https:\/\/climashield.com\/wp-content\/uploads\/2021\/03\/climashield-logo-red.jpg","contentUrl":"https:\/\/climashield.com\/wp-content\/uploads\/2021\/03\/climashield-logo-red.jpg","width":422,"height":66,"caption":"Climashield"},"image":{"@id":"https:\/\/climashield.com\/de\/#\/schema\/logo\/image\/"},"sameAs":["https:\/\/www.facebook.com\/Climashield","https:\/\/x.com\/ClimashieldUSA","https:\/\/www.instagram.com\/climashieldusa\/"]}]}},"_links":{"self":[{"href":"https:\/\/climashield.com\/de\/wp-json\/wp\/v2\/pages\/7064","targetHints":{"allow":["GET"]}}],"collection":[{"href":"https:\/\/climashield.com\/de\/wp-json\/wp\/v2\/pages"}],"about":[{"href":"https:\/\/climashield.com\/de\/wp-json\/wp\/v2\/types\/page"}],"author":[{"embeddable":true,"href":"https:\/\/climashield.com\/de\/wp-json\/wp\/v2\/users\/2"}],"replies":[{"embeddable":true,"href":"https:\/\/climashield.com\/de\/wp-json\/wp\/v2\/comments?post=7064"}],"version-history":[{"count":0,"href":"https:\/\/climashield.com\/de\/wp-json\/wp\/v2\/pages\/7064\/revisions"}],"wp:attachment":[{"href":"https:\/\/climashield.com\/de\/wp-json\/wp\/v2\/media?parent=7064"}],"curies":[{"name":"wp","href":"https:\/\/api.w.org\/{rel}","templated":true}]}}