{"id":1911,"date":"2020-04-27T22:27:03","date_gmt":"2020-04-27T22:27:03","guid":{"rendered":"https:\/\/climashield.wpengine.com\/firma\/"},"modified":"2024-02-13T16:58:07","modified_gmt":"2024-02-13T16:58:07","slug":"firma","status":"publish","type":"page","link":"https:\/\/climashield.com\/pl\/firma\/","title":{"rendered":"Firma"},"content":{"rendered":"<p>Produkcja w Stanach Zjednoczonych \u2013 Climashield<sup>\u00ae<\/sup> koncentruje si\u0119 na innowacjach, badaniach i rozwoju oraz kontroli jako\u015bci, dostarczaj\u0105c nowe rozwi\u0105zania produktowe do ekstremalnych scenariuszy \u015brodowiskowych, kt\u00f3re odpowiadaj\u0105 potrzebom naszych <a href=\"https:\/\/climashield.wpengine.com\/pl\/klienci\/\">globalnych klient\u00f3w<\/a>. W zmodernizowanym obiekcie ISO-9001 z siedzib\u0105 w Clinton w stanie Tennessee, nasz zesp\u00f3\u0142 in\u017cynier\u00f3w zapewnia dziesi\u0119ciolecia do\u015bwiadcze\u0144 w produkcji, technologii \u015bwiat\u0142owodowej i projektowaniu produkt\u00f3w izolacyjnych. W przeciwie\u0144stwie do innych dostawc\u00f3w izolacji przeprowadzamy testy w naszym laboratorium w celu zwi\u0119kszenia wydajno\u015bci produkt\u00f3w i dostosowania izolacji do okre\u015blonych specyfikacji klienta.<\/p>\n<p>Jako jedyny na \u015bwiecie <em>producent<\/em> lekkiej izolacji z ci\u0105g\u0142ych w\u0142\u00f3kien, Climashield<sup>\u00ae<\/sup> produkuje charakterystyczne produkty do izolacji, kt\u00f3re s\u0105 \u017cywotne, lekkie, wydajne termicznie, \u015bci\u015bliwe, trudnopalne i trwa\u0142e. Potwierdzona wy dajno\u015b\u0107 we wsp\u00f3lnych por\u00f3wnaniach stosunku ciep\u0142a do masy i trwa\u0142o\u015bci stanowi pow\u00f3d, dla kt\u00f3rego Climashield<sup>\u00ae<\/sup> zaopatruje ameryka\u0144skie si\u0142y zbrojne ju\u017c od ponad 30 lat.<\/p>\n<p>Nasz\u0105 izolacj\u0119 premium mo\u017cna znale\u017a\u0107 w \u015bpiworach, odzie\u017cy wierzchniej, namiotach, po\u015bcieli, r\u0119kawiczkach i obuwiu sprzedawanych na ca\u0142ym \u015bwiecie, gdzie wydajno\u015b\u0107 i ochrona s\u0105 najwa\u017cniejsze priorytety.<\/p>\n<p>Tutaj dowiesz si\u0119 wi\u0119cej o naszej partnerskiej sieci dystrybucji w <a href=\"https:\/\/climashield.wpengine.com\/pl\/skontaktuj-sie-z-nami\/\">Azji i Europie<\/a>.<\/p>\n","protected":false},"excerpt":{"rendered":"<p>Produkcja w Stanach Zjednoczonych \u2013 Climashield\u00ae koncentruje si\u0119 na innowacjach, badaniach i rozwoju oraz kontroli jako\u015bci, dostarczaj\u0105c nowe rozwi\u0105zania produktowe do ekstremalnych scenariuszy \u015brodowiskowych, kt\u00f3re odpowiadaj\u0105 potrzebom naszych globalnych klient\u00f3w.<a class=\"moretag\" \n href=\"https:\/\/climashield.com\/pl\/firma\/\">&#8230;<\/a><\/p>\n","protected":false},"author":2,"featured_media":1972,"parent":0,"menu_order":0,"comment_status":"closed","ping_status":"closed","template":"templates\/template-company.php","meta":{"_acf_changed":false,"footnotes":""},"class_list":["post-1911","page","type-page","status-publish","has-post-thumbnail","hentry"],"acf":[],"yoast_head":"<!-- This site is optimized with the Yoast SEO plugin v27.4 - https:\/\/yoast.com\/product\/yoast-seo-wordpress\/ -->\n<title>Firma - Climashield\u00ae - Continuous Filament Insulation<\/title>\n<meta name=\"description\" content=\"Produkty izolacyjne Climashield\u00ae s\u0105 trwa\u0142e, lekkie, wydajne termicznie, \u015bci\u015bliwe, ognioodporne i trwa\u0142e.\" \/>\n<meta name=\"robots\" content=\"index, follow, max-snippet:-1, max-image-preview:large, max-video-preview:-1\" \/>\n<link rel=\"canonical\" href=\"https:\/\/climashield.com\/pl\/firma\/\" \/>\n<meta property=\"og:locale\" content=\"pl_PL\" \/>\n<meta property=\"og:type\" content=\"article\" \/>\n<meta property=\"og:title\" content=\"Firma - Climashield\u00ae - Continuous Filament Insulation\" \/>\n<meta property=\"og:description\" content=\"Produkty izolacyjne Climashield\u00ae s\u0105 trwa\u0142e, lekkie, wydajne termicznie, \u015bci\u015bliwe, ognioodporne i trwa\u0142e.\" \/>\n<meta property=\"og:url\" content=\"https:\/\/climashield.com\/pl\/firma\/\" \/>\n<meta property=\"og:site_name\" content=\"Climashield\u00ae - Continuous Filament Insulation\" \/>\n<meta property=\"article:publisher\" content=\"https:\/\/www.facebook.com\/Climashield\" \/>\n<meta property=\"article:modified_time\" content=\"2024-02-13T16:58:07+00:00\" \/>\n<meta property=\"og:image\" content=\"https:\/\/climashield.com\/wp-content\/uploads\/2020\/04\/paul-gilmore-ChJQ4opOK0o-unsplash-1024x677-1.jpg\" \/>\n\t<meta property=\"og:image:width\" content=\"1024\" \/>\n\t<meta property=\"og:image:height\" content=\"677\" \/>\n\t<meta property=\"og:image:type\" content=\"image\/jpeg\" \/>\n<meta name=\"twitter:card\" content=\"summary_large_image\" \/>\n<meta name=\"twitter:site\" content=\"@ClimashieldUSA\" \/>\n<meta name=\"twitter:label1\" content=\"Szacowany czas czytania\" \/>\n\t<meta name=\"twitter:data1\" content=\"1 minuta\" \/>\n<script type=\"application\/ld+json\" class=\"yoast-schema-graph\">{\"@context\":\"https:\\\/\\\/schema.org\",\"@graph\":[{\"@type\":\"WebPage\",\"@id\":\"https:\\\/\\\/climashield.com\\\/pl\\\/firma\\\/\",\"url\":\"https:\\\/\\\/climashield.com\\\/pl\\\/firma\\\/\",\"name\":\"Firma - Climashield\u00ae - Continuous Filament Insulation\",\"isPartOf\":{\"@id\":\"https:\\\/\\\/climashield.com\\\/pl\\\/#website\"},\"primaryImageOfPage\":{\"@id\":\"https:\\\/\\\/climashield.com\\\/pl\\\/firma\\\/#primaryimage\"},\"image\":{\"@id\":\"https:\\\/\\\/climashield.com\\\/pl\\\/firma\\\/#primaryimage\"},\"thumbnailUrl\":\"https:\\\/\\\/climashield.com\\\/wp-content\\\/uploads\\\/2020\\\/04\\\/paul-gilmore-ChJQ4opOK0o-unsplash-1024x677-1.jpg\",\"datePublished\":\"2020-04-27T22:27:03+00:00\",\"dateModified\":\"2024-02-13T16:58:07+00:00\",\"description\":\"Produkty izolacyjne Climashield\u00ae s\u0105 trwa\u0142e, lekkie, wydajne termicznie, \u015bci\u015bliwe, ognioodporne i trwa\u0142e.\",\"breadcrumb\":{\"@id\":\"https:\\\/\\\/climashield.com\\\/pl\\\/firma\\\/#breadcrumb\"},\"inLanguage\":\"pl-PL\",\"potentialAction\":[{\"@type\":\"ReadAction\",\"target\":[\"https:\\\/\\\/climashield.com\\\/pl\\\/firma\\\/\"]}]},{\"@type\":\"ImageObject\",\"inLanguage\":\"pl-PL\",\"@id\":\"https:\\\/\\\/climashield.com\\\/pl\\\/firma\\\/#primaryimage\",\"url\":\"https:\\\/\\\/climashield.com\\\/wp-content\\\/uploads\\\/2020\\\/04\\\/paul-gilmore-ChJQ4opOK0o-unsplash-1024x677-1.jpg\",\"contentUrl\":\"https:\\\/\\\/climashield.com\\\/wp-content\\\/uploads\\\/2020\\\/04\\\/paul-gilmore-ChJQ4opOK0o-unsplash-1024x677-1.jpg\",\"width\":1024,\"height\":677,\"caption\":\"snow in trees\"},{\"@type\":\"BreadcrumbList\",\"@id\":\"https:\\\/\\\/climashield.com\\\/pl\\\/firma\\\/#breadcrumb\",\"itemListElement\":[{\"@type\":\"ListItem\",\"position\":1,\"name\":\"Home\",\"item\":\"https:\\\/\\\/climashield.com\\\/pl\\\/home\\\/\"},{\"@type\":\"ListItem\",\"position\":2,\"name\":\"Firma\"}]},{\"@type\":\"WebSite\",\"@id\":\"https:\\\/\\\/climashield.com\\\/pl\\\/#website\",\"url\":\"https:\\\/\\\/climashield.com\\\/pl\\\/\",\"name\":\"Climashield\u00ae - Continuous Filament Insulation\",\"description\":\"Climashield\u00ae is the world leader in the manufacture and development of continuous filament insulation. More than just a brand name, we engineer new technologies and innovate breakthrough performance.\",\"publisher\":{\"@id\":\"https:\\\/\\\/climashield.com\\\/pl\\\/#organization\"},\"potentialAction\":[{\"@type\":\"SearchAction\",\"target\":{\"@type\":\"EntryPoint\",\"urlTemplate\":\"https:\\\/\\\/climashield.com\\\/pl\\\/?s={search_term_string}\"},\"query-input\":{\"@type\":\"PropertyValueSpecification\",\"valueRequired\":true,\"valueName\":\"search_term_string\"}}],\"inLanguage\":\"pl-PL\"},{\"@type\":\"Organization\",\"@id\":\"https:\\\/\\\/climashield.com\\\/pl\\\/#organization\",\"name\":\"Climashield\",\"url\":\"https:\\\/\\\/climashield.com\\\/pl\\\/\",\"logo\":{\"@type\":\"ImageObject\",\"inLanguage\":\"pl-PL\",\"@id\":\"https:\\\/\\\/climashield.com\\\/pl\\\/#\\\/schema\\\/logo\\\/image\\\/\",\"url\":\"https:\\\/\\\/climashield.com\\\/wp-content\\\/uploads\\\/2021\\\/03\\\/climashield-logo-red.jpg\",\"contentUrl\":\"https:\\\/\\\/climashield.com\\\/wp-content\\\/uploads\\\/2021\\\/03\\\/climashield-logo-red.jpg\",\"width\":422,\"height\":66,\"caption\":\"Climashield\"},\"image\":{\"@id\":\"https:\\\/\\\/climashield.com\\\/pl\\\/#\\\/schema\\\/logo\\\/image\\\/\"},\"sameAs\":[\"https:\\\/\\\/www.facebook.com\\\/Climashield\",\"https:\\\/\\\/x.com\\\/ClimashieldUSA\",\"https:\\\/\\\/www.instagram.com\\\/climashieldusa\\\/\"]}]}<\/script>\n<!-- \/ Yoast SEO plugin. -->","yoast_head_json":{"title":"Firma - Climashield\u00ae - Continuous Filament Insulation","description":"Produkty izolacyjne Climashield\u00ae s\u0105 trwa\u0142e, lekkie, wydajne termicznie, \u015bci\u015bliwe, ognioodporne i trwa\u0142e.","robots":{"index":"index","follow":"follow","max-snippet":"max-snippet:-1","max-image-preview":"max-image-preview:large","max-video-preview":"max-video-preview:-1"},"canonical":"https:\/\/climashield.com\/pl\/firma\/","og_locale":"pl_PL","og_type":"article","og_title":"Firma - Climashield\u00ae - Continuous Filament Insulation","og_description":"Produkty izolacyjne Climashield\u00ae s\u0105 trwa\u0142e, lekkie, wydajne termicznie, \u015bci\u015bliwe, ognioodporne i trwa\u0142e.","og_url":"https:\/\/climashield.com\/pl\/firma\/","og_site_name":"Climashield\u00ae - Continuous Filament Insulation","article_publisher":"https:\/\/www.facebook.com\/Climashield","article_modified_time":"2024-02-13T16:58:07+00:00","og_image":[{"width":1024,"height":677,"url":"https:\/\/climashield.com\/wp-content\/uploads\/2020\/04\/paul-gilmore-ChJQ4opOK0o-unsplash-1024x677-1.jpg","type":"image\/jpeg"}],"twitter_card":"summary_large_image","twitter_site":"@ClimashieldUSA","twitter_misc":{"Szacowany czas czytania":"1 minuta"},"schema":{"@context":"https:\/\/schema.org","@graph":[{"@type":"WebPage","@id":"https:\/\/climashield.com\/pl\/firma\/","url":"https:\/\/climashield.com\/pl\/firma\/","name":"Firma - Climashield\u00ae - Continuous Filament Insulation","isPartOf":{"@id":"https:\/\/climashield.com\/pl\/#website"},"primaryImageOfPage":{"@id":"https:\/\/climashield.com\/pl\/firma\/#primaryimage"},"image":{"@id":"https:\/\/climashield.com\/pl\/firma\/#primaryimage"},"thumbnailUrl":"https:\/\/climashield.com\/wp-content\/uploads\/2020\/04\/paul-gilmore-ChJQ4opOK0o-unsplash-1024x677-1.jpg","datePublished":"2020-04-27T22:27:03+00:00","dateModified":"2024-02-13T16:58:07+00:00","description":"Produkty izolacyjne Climashield\u00ae s\u0105 trwa\u0142e, lekkie, wydajne termicznie, \u015bci\u015bliwe, ognioodporne i trwa\u0142e.","breadcrumb":{"@id":"https:\/\/climashield.com\/pl\/firma\/#breadcrumb"},"inLanguage":"pl-PL","potentialAction":[{"@type":"ReadAction","target":["https:\/\/climashield.com\/pl\/firma\/"]}]},{"@type":"ImageObject","inLanguage":"pl-PL","@id":"https:\/\/climashield.com\/pl\/firma\/#primaryimage","url":"https:\/\/climashield.com\/wp-content\/uploads\/2020\/04\/paul-gilmore-ChJQ4opOK0o-unsplash-1024x677-1.jpg","contentUrl":"https:\/\/climashield.com\/wp-content\/uploads\/2020\/04\/paul-gilmore-ChJQ4opOK0o-unsplash-1024x677-1.jpg","width":1024,"height":677,"caption":"snow in trees"},{"@type":"BreadcrumbList","@id":"https:\/\/climashield.com\/pl\/firma\/#breadcrumb","itemListElement":[{"@type":"ListItem","position":1,"name":"Home","item":"https:\/\/climashield.com\/pl\/home\/"},{"@type":"ListItem","position":2,"name":"Firma"}]},{"@type":"WebSite","@id":"https:\/\/climashield.com\/pl\/#website","url":"https:\/\/climashield.com\/pl\/","name":"Climashield\u00ae - Continuous Filament Insulation","description":"Climashield\u00ae is the world leader in the manufacture and development of continuous filament insulation. More than just a brand name, we engineer new technologies and innovate breakthrough performance.","publisher":{"@id":"https:\/\/climashield.com\/pl\/#organization"},"potentialAction":[{"@type":"SearchAction","target":{"@type":"EntryPoint","urlTemplate":"https:\/\/climashield.com\/pl\/?s={search_term_string}"},"query-input":{"@type":"PropertyValueSpecification","valueRequired":true,"valueName":"search_term_string"}}],"inLanguage":"pl-PL"},{"@type":"Organization","@id":"https:\/\/climashield.com\/pl\/#organization","name":"Climashield","url":"https:\/\/climashield.com\/pl\/","logo":{"@type":"ImageObject","inLanguage":"pl-PL","@id":"https:\/\/climashield.com\/pl\/#\/schema\/logo\/image\/","url":"https:\/\/climashield.com\/wp-content\/uploads\/2021\/03\/climashield-logo-red.jpg","contentUrl":"https:\/\/climashield.com\/wp-content\/uploads\/2021\/03\/climashield-logo-red.jpg","width":422,"height":66,"caption":"Climashield"},"image":{"@id":"https:\/\/climashield.com\/pl\/#\/schema\/logo\/image\/"},"sameAs":["https:\/\/www.facebook.com\/Climashield","https:\/\/x.com\/ClimashieldUSA","https:\/\/www.instagram.com\/climashieldusa\/"]}]}},"_links":{"self":[{"href":"https:\/\/climashield.com\/pl\/wp-json\/wp\/v2\/pages\/1911","targetHints":{"allow":["GET"]}}],"collection":[{"href":"https:\/\/climashield.com\/pl\/wp-json\/wp\/v2\/pages"}],"about":[{"href":"https:\/\/climashield.com\/pl\/wp-json\/wp\/v2\/types\/page"}],"author":[{"embeddable":true,"href":"https:\/\/climashield.com\/pl\/wp-json\/wp\/v2\/users\/2"}],"replies":[{"embeddable":true,"href":"https:\/\/climashield.com\/pl\/wp-json\/wp\/v2\/comments?post=1911"}],"version-history":[{"count":0,"href":"https:\/\/climashield.com\/pl\/wp-json\/wp\/v2\/pages\/1911\/revisions"}],"wp:featuredmedia":[{"embeddable":true,"href":"https:\/\/climashield.com\/pl\/wp-json\/wp\/v2\/media\/1972"}],"wp:attachment":[{"href":"https:\/\/climashield.com\/pl\/wp-json\/wp\/v2\/media?parent=1911"}],"curies":[{"name":"wp","href":"https:\/\/api.w.org\/{rel}","templated":true}]}}