{"id":1912,"date":"2020-04-27T22:27:24","date_gmt":"2020-04-27T22:27:24","guid":{"rendered":"https:\/\/climashield.wpengine.com\/skontaktuj-sie-z-nami\/"},"modified":"2024-02-13T16:56:08","modified_gmt":"2024-02-13T16:56:08","slug":"dbalosc-o-produkt","status":"publish","type":"page","link":"https:\/\/climashield.com\/pl\/dbalosc-o-produkt\/","title":{"rendered":"Dba\u0142o\u015b\u0107 o produkt"},"content":{"rendered":"<h2>Wymagana obs\u0142uga<\/h2>\n<ul>\n<li style=\"font-weight: 400;\"><span style=\"font-weight: 400;\">Climashield<sup>\u00ae<\/sup> batting should be allowed to recover if vacuum-packed prior to cutting. Aby uzyska\u0107 najlepsze wyniki, wyjmij zewn\u0119trzn\u0105 torb\u0119 i po\u0142\u00f3\u017c j\u0105 p\u0142asko na 24 godziny.<\/span><\/li>\n<li style=\"font-weight: 400;\"><span style=\"font-weight: 400;\">Nie przechowuj rolek izolacji technicznej Climashield<sup>\u00ae<\/sup> na ko\u0144cu.<\/span><\/li>\n<\/ul>\n<h2>Projekt<\/h2>\n<ul>\n<li style=\"font-weight: 400;\"><span style=\"font-weight: 400;\">W trakcie korzystania z Climashield<sup>\u00ae<\/sup> mo\u017cna zmniejszy\u0107 lub wyeliminowa\u0107 pikowanie.<\/span><\/li>\n<li style=\"font-weight: 400;\"><span style=\"font-weight: 400;\">Kierunek u\u0142o\u017cenia wype\u0142nienia jest wa\u017cny, je\u015bli stosowane jest minimalne pikowanie. Szeroko\u015b\u0107 wype\u0142nienia nale\u017cy ustawi\u0107 w kierunku najwi\u0119kszej masy.<\/span><\/li>\n<\/ul>\n<h2>Szycie<\/h2>\n<ul>\n<li><span style=\"font-weight: 400;\">Konstrukcja Climashield<sup>\u00ae<\/sup> wymaga specjalnych element\u00f3w do szycia i regulacji upraszczaj\u0105cych szycie. Najwa\u017cniejsze to:<\/span><\/li>\n<li style=\"font-weight: 400;\"><span style=\"font-weight: 400;\">Zamkni\u0119ty palec u nogi odwr\u00f3cony do g\u00f3ry<\/span><\/li>\n<li style=\"font-weight: 400;\"><span style=\"font-weight: 400;\">Kombinacje nap\u0119du \u015bciegowego powinny by\u0107 jak najbardziej zamkni\u0119te, aby zap obiec zaczepianiu<\/span><\/li>\n<li style=\"font-weight: 400;\"><span style=\"font-weight: 400;\">P\u0142ytka \u015bciegowa o odpowiednim rozmiarze otworu ig\u0142y<\/span><\/li>\n<li style=\"font-weight: 400;\"><span style=\"font-weight: 400;\">Stopka dociskowa z regulacj\u0105 nacisku zapewnia r\u00f3wnomierne podawanie materia\u0142u<\/span><\/li>\n<li style=\"font-weight: 400;\"><span style=\"font-weight: 400;\">Rozmiar ig\u0142y zale\u017cy od czynno\u015bci i obj\u0119to\u015bci<\/span><\/li>\n<li style=\"font-weight: 400;\"><span style=\"font-weight: 400;\">Nak\u0142adka \u015bciegowa powinna by\u0107 wyr\u00f3wnana w celu zabezpieczenia powierzchni wolnych od wci\u0119\u0107<\/span><\/li>\n<li style=\"font-weight: 400;\"><span style=\"font-weight: 400;\">Jedynym wymaganym przeszyciem, opr\u00f3cz estetyki projektu, s\u0105 kraw\u0119dzie, na kt\u00f3rych wyst\u0119puj\u0105 ko\u0144ce w\u0142\u00f3kna<\/span><\/li>\n<\/ul>\n<h2>Opcje tkanin<\/h2>\n<ul>\n<li><span style=\"font-weight: 400;\">Dla \u017cadnego z produkt\u00f3w poliestrowych Climashield<sup>\u00ae<\/sup> nie s\u0105 wymagane specjalne tkaniny no\u015bne.<\/span><\/li>\n<li><span style=\"font-weight: 400;\">Nie s\u0105 wymagane ani w\u0142\u00f3kniny, ani drogie tkaniny nieprzepuszczalne.<\/span><\/li>\n<li><span style=\"font-weight: 400;\">Zapewnia to producentom mo\u017cliwo\u015b\u0107 rozszerzenia opcji stylu, nieograniczonych barierami wynikaj\u0105cymi z puchu i izolacji z mikrofibry.<\/span><\/li>\n<li><span style=\"font-weight: 400;\">Konstrukcja tkaniny musi by\u0107 jednak\u017ce wystarczaj\u0105co cia sna, aby powstrzyma\u0107 migracj\u0119 w\u0142\u00f3kien.<\/span><\/li>\n<\/ul>\n<h2>Pranie<\/h2>\n<ul>\n<li>Wypra\u0107 \u0142agodnym detergentem w zimnej lub ciep\u0142ej wodzie (nie przekraczaj\u0105cej 140 \u00b0 Flub 60 \u00b0 C ). Suszy\u0107 na powietrzu lub w suszarce w niskich temperaturach. Nie czy\u015bci\u0107 do sucha.<\/li>\n<\/ul>\n","protected":false},"excerpt":{"rendered":"<p>Wymagana obs\u0142uga Climashield\u00ae batting should be allowed to recover if vacuum-packed prior to cutting. Aby uzyska\u0107 najlepsze wyniki, wyjmij zewn\u0119trzn\u0105 torb\u0119 i po\u0142\u00f3\u017c j\u0105 p\u0142asko na 24 godziny. Nie przechowuj<a class=\"moretag\" \n href=\"https:\/\/climashield.com\/pl\/dbalosc-o-produkt\/\">&#8230;<\/a><\/p>\n","protected":false},"author":2,"featured_media":728,"parent":0,"menu_order":0,"comment_status":"closed","ping_status":"closed","template":"templates\/template-care.php","meta":{"_acf_changed":false,"footnotes":""},"class_list":["post-1912","page","type-page","status-publish","has-post-thumbnail","hentry"],"acf":[],"yoast_head":"<!-- This site is optimized with the Yoast SEO plugin v27.5 - https:\/\/yoast.com\/product\/yoast-seo-wordpress\/ -->\n<title>Dba\u0142o\u015b\u0107 o produkt - Climashield\u00ae - Continuous Filament Insulation<\/title>\n<meta name=\"description\" content=\"Instrukcje dotycz\u0105ce piel\u0119gnacji izolacji Climashield\u00ae. Obejmuj\u0105 one spos\u00f3b post\u0119powania, projektowanie, szycie, opcje tkanin i pranie.\" \/>\n<meta name=\"robots\" content=\"index, follow, max-snippet:-1, max-image-preview:large, max-video-preview:-1\" \/>\n<link rel=\"canonical\" href=\"https:\/\/climashield.com\/pl\/dbalosc-o-produkt\/\" \/>\n<meta property=\"og:locale\" content=\"pl_PL\" \/>\n<meta property=\"og:type\" content=\"article\" \/>\n<meta property=\"og:title\" content=\"Dba\u0142o\u015b\u0107 o produkt - Climashield\u00ae - Continuous Filament Insulation\" \/>\n<meta property=\"og:description\" content=\"Instrukcje dotycz\u0105ce piel\u0119gnacji izolacji Climashield\u00ae. Obejmuj\u0105 one spos\u00f3b post\u0119powania, projektowanie, szycie, opcje tkanin i pranie.\" \/>\n<meta property=\"og:url\" content=\"https:\/\/climashield.com\/pl\/dbalosc-o-produkt\/\" \/>\n<meta property=\"og:site_name\" content=\"Climashield\u00ae - Continuous Filament Insulation\" \/>\n<meta property=\"article:publisher\" content=\"https:\/\/www.facebook.com\/Climashield\" \/>\n<meta property=\"article:modified_time\" content=\"2024-02-13T16:56:08+00:00\" \/>\n<meta property=\"og:image\" content=\"https:\/\/climashield.com\/wp-content\/uploads\/2020\/03\/alexander-andrews-jNKv4QohAk0-unsplash.jpg\" \/>\n\t<meta property=\"og:image:width\" content=\"2000\" \/>\n\t<meta property=\"og:image:height\" content=\"1335\" \/>\n\t<meta property=\"og:image:type\" content=\"image\/jpeg\" \/>\n<meta name=\"twitter:card\" content=\"summary_large_image\" \/>\n<meta name=\"twitter:site\" content=\"@ClimashieldUSA\" \/>\n<meta name=\"twitter:label1\" content=\"Szacowany czas czytania\" \/>\n\t<meta name=\"twitter:data1\" content=\"2 minuty\" \/>\n<script type=\"application\/ld+json\" class=\"yoast-schema-graph\">{\"@context\":\"https:\\\/\\\/schema.org\",\"@graph\":[{\"@type\":\"WebPage\",\"@id\":\"https:\\\/\\\/climashield.com\\\/pl\\\/dbalosc-o-produkt\\\/\",\"url\":\"https:\\\/\\\/climashield.com\\\/pl\\\/dbalosc-o-produkt\\\/\",\"name\":\"Dba\u0142o\u015b\u0107 o produkt - Climashield\u00ae - Continuous Filament Insulation\",\"isPartOf\":{\"@id\":\"https:\\\/\\\/climashield.com\\\/pl\\\/#website\"},\"primaryImageOfPage\":{\"@id\":\"https:\\\/\\\/climashield.com\\\/pl\\\/dbalosc-o-produkt\\\/#primaryimage\"},\"image\":{\"@id\":\"https:\\\/\\\/climashield.com\\\/pl\\\/dbalosc-o-produkt\\\/#primaryimage\"},\"thumbnailUrl\":\"https:\\\/\\\/climashield.com\\\/wp-content\\\/uploads\\\/2020\\\/03\\\/alexander-andrews-jNKv4QohAk0-unsplash.jpg\",\"datePublished\":\"2020-04-27T22:27:24+00:00\",\"dateModified\":\"2024-02-13T16:56:08+00:00\",\"description\":\"Instrukcje dotycz\u0105ce piel\u0119gnacji izolacji Climashield\u00ae. Obejmuj\u0105 one spos\u00f3b post\u0119powania, projektowanie, szycie, opcje tkanin i pranie.\",\"breadcrumb\":{\"@id\":\"https:\\\/\\\/climashield.com\\\/pl\\\/dbalosc-o-produkt\\\/#breadcrumb\"},\"inLanguage\":\"pl-PL\",\"potentialAction\":[{\"@type\":\"ReadAction\",\"target\":[\"https:\\\/\\\/climashield.com\\\/pl\\\/dbalosc-o-produkt\\\/\"]}]},{\"@type\":\"ImageObject\",\"inLanguage\":\"pl-PL\",\"@id\":\"https:\\\/\\\/climashield.com\\\/pl\\\/dbalosc-o-produkt\\\/#primaryimage\",\"url\":\"https:\\\/\\\/climashield.com\\\/wp-content\\\/uploads\\\/2020\\\/03\\\/alexander-andrews-jNKv4QohAk0-unsplash.jpg\",\"contentUrl\":\"https:\\\/\\\/climashield.com\\\/wp-content\\\/uploads\\\/2020\\\/03\\\/alexander-andrews-jNKv4QohAk0-unsplash.jpg\",\"width\":2000,\"height\":1335,\"caption\":\"sewing on black fabric\"},{\"@type\":\"BreadcrumbList\",\"@id\":\"https:\\\/\\\/climashield.com\\\/pl\\\/dbalosc-o-produkt\\\/#breadcrumb\",\"itemListElement\":[{\"@type\":\"ListItem\",\"position\":1,\"name\":\"Home\",\"item\":\"https:\\\/\\\/climashield.com\\\/pl\\\/home\\\/\"},{\"@type\":\"ListItem\",\"position\":2,\"name\":\"Dba\u0142o\u015b\u0107 o produkt\"}]},{\"@type\":\"WebSite\",\"@id\":\"https:\\\/\\\/climashield.com\\\/pl\\\/#website\",\"url\":\"https:\\\/\\\/climashield.com\\\/pl\\\/\",\"name\":\"Climashield\u00ae - Continuous Filament Insulation\",\"description\":\"Climashield\u00ae is the world leader in the manufacture and development of continuous filament insulation. More than just a brand name, we engineer new technologies and innovate breakthrough performance.\",\"publisher\":{\"@id\":\"https:\\\/\\\/climashield.com\\\/pl\\\/#organization\"},\"potentialAction\":[{\"@type\":\"SearchAction\",\"target\":{\"@type\":\"EntryPoint\",\"urlTemplate\":\"https:\\\/\\\/climashield.com\\\/pl\\\/?s={search_term_string}\"},\"query-input\":{\"@type\":\"PropertyValueSpecification\",\"valueRequired\":true,\"valueName\":\"search_term_string\"}}],\"inLanguage\":\"pl-PL\"},{\"@type\":\"Organization\",\"@id\":\"https:\\\/\\\/climashield.com\\\/pl\\\/#organization\",\"name\":\"Climashield\",\"url\":\"https:\\\/\\\/climashield.com\\\/pl\\\/\",\"logo\":{\"@type\":\"ImageObject\",\"inLanguage\":\"pl-PL\",\"@id\":\"https:\\\/\\\/climashield.com\\\/pl\\\/#\\\/schema\\\/logo\\\/image\\\/\",\"url\":\"https:\\\/\\\/climashield.com\\\/wp-content\\\/uploads\\\/2021\\\/03\\\/climashield-logo-red.jpg\",\"contentUrl\":\"https:\\\/\\\/climashield.com\\\/wp-content\\\/uploads\\\/2021\\\/03\\\/climashield-logo-red.jpg\",\"width\":422,\"height\":66,\"caption\":\"Climashield\"},\"image\":{\"@id\":\"https:\\\/\\\/climashield.com\\\/pl\\\/#\\\/schema\\\/logo\\\/image\\\/\"},\"sameAs\":[\"https:\\\/\\\/www.facebook.com\\\/Climashield\",\"https:\\\/\\\/x.com\\\/ClimashieldUSA\",\"https:\\\/\\\/www.instagram.com\\\/climashieldusa\\\/\"]}]}<\/script>\n<!-- \/ Yoast SEO plugin. -->","yoast_head_json":{"title":"Dba\u0142o\u015b\u0107 o produkt - Climashield\u00ae - Continuous Filament Insulation","description":"Instrukcje dotycz\u0105ce piel\u0119gnacji izolacji Climashield\u00ae. Obejmuj\u0105 one spos\u00f3b post\u0119powania, projektowanie, szycie, opcje tkanin i pranie.","robots":{"index":"index","follow":"follow","max-snippet":"max-snippet:-1","max-image-preview":"max-image-preview:large","max-video-preview":"max-video-preview:-1"},"canonical":"https:\/\/climashield.com\/pl\/dbalosc-o-produkt\/","og_locale":"pl_PL","og_type":"article","og_title":"Dba\u0142o\u015b\u0107 o produkt - Climashield\u00ae - Continuous Filament Insulation","og_description":"Instrukcje dotycz\u0105ce piel\u0119gnacji izolacji Climashield\u00ae. Obejmuj\u0105 one spos\u00f3b post\u0119powania, projektowanie, szycie, opcje tkanin i pranie.","og_url":"https:\/\/climashield.com\/pl\/dbalosc-o-produkt\/","og_site_name":"Climashield\u00ae - Continuous Filament Insulation","article_publisher":"https:\/\/www.facebook.com\/Climashield","article_modified_time":"2024-02-13T16:56:08+00:00","og_image":[{"width":2000,"height":1335,"url":"https:\/\/climashield.com\/wp-content\/uploads\/2020\/03\/alexander-andrews-jNKv4QohAk0-unsplash.jpg","type":"image\/jpeg"}],"twitter_card":"summary_large_image","twitter_site":"@ClimashieldUSA","twitter_misc":{"Szacowany czas czytania":"2 minuty"},"schema":{"@context":"https:\/\/schema.org","@graph":[{"@type":"WebPage","@id":"https:\/\/climashield.com\/pl\/dbalosc-o-produkt\/","url":"https:\/\/climashield.com\/pl\/dbalosc-o-produkt\/","name":"Dba\u0142o\u015b\u0107 o produkt - Climashield\u00ae - Continuous Filament Insulation","isPartOf":{"@id":"https:\/\/climashield.com\/pl\/#website"},"primaryImageOfPage":{"@id":"https:\/\/climashield.com\/pl\/dbalosc-o-produkt\/#primaryimage"},"image":{"@id":"https:\/\/climashield.com\/pl\/dbalosc-o-produkt\/#primaryimage"},"thumbnailUrl":"https:\/\/climashield.com\/wp-content\/uploads\/2020\/03\/alexander-andrews-jNKv4QohAk0-unsplash.jpg","datePublished":"2020-04-27T22:27:24+00:00","dateModified":"2024-02-13T16:56:08+00:00","description":"Instrukcje dotycz\u0105ce piel\u0119gnacji izolacji Climashield\u00ae. Obejmuj\u0105 one spos\u00f3b post\u0119powania, projektowanie, szycie, opcje tkanin i pranie.","breadcrumb":{"@id":"https:\/\/climashield.com\/pl\/dbalosc-o-produkt\/#breadcrumb"},"inLanguage":"pl-PL","potentialAction":[{"@type":"ReadAction","target":["https:\/\/climashield.com\/pl\/dbalosc-o-produkt\/"]}]},{"@type":"ImageObject","inLanguage":"pl-PL","@id":"https:\/\/climashield.com\/pl\/dbalosc-o-produkt\/#primaryimage","url":"https:\/\/climashield.com\/wp-content\/uploads\/2020\/03\/alexander-andrews-jNKv4QohAk0-unsplash.jpg","contentUrl":"https:\/\/climashield.com\/wp-content\/uploads\/2020\/03\/alexander-andrews-jNKv4QohAk0-unsplash.jpg","width":2000,"height":1335,"caption":"sewing on black fabric"},{"@type":"BreadcrumbList","@id":"https:\/\/climashield.com\/pl\/dbalosc-o-produkt\/#breadcrumb","itemListElement":[{"@type":"ListItem","position":1,"name":"Home","item":"https:\/\/climashield.com\/pl\/home\/"},{"@type":"ListItem","position":2,"name":"Dba\u0142o\u015b\u0107 o produkt"}]},{"@type":"WebSite","@id":"https:\/\/climashield.com\/pl\/#website","url":"https:\/\/climashield.com\/pl\/","name":"Climashield\u00ae - Continuous Filament Insulation","description":"Climashield\u00ae is the world leader in the manufacture and development of continuous filament insulation. More than just a brand name, we engineer new technologies and innovate breakthrough performance.","publisher":{"@id":"https:\/\/climashield.com\/pl\/#organization"},"potentialAction":[{"@type":"SearchAction","target":{"@type":"EntryPoint","urlTemplate":"https:\/\/climashield.com\/pl\/?s={search_term_string}"},"query-input":{"@type":"PropertyValueSpecification","valueRequired":true,"valueName":"search_term_string"}}],"inLanguage":"pl-PL"},{"@type":"Organization","@id":"https:\/\/climashield.com\/pl\/#organization","name":"Climashield","url":"https:\/\/climashield.com\/pl\/","logo":{"@type":"ImageObject","inLanguage":"pl-PL","@id":"https:\/\/climashield.com\/pl\/#\/schema\/logo\/image\/","url":"https:\/\/climashield.com\/wp-content\/uploads\/2021\/03\/climashield-logo-red.jpg","contentUrl":"https:\/\/climashield.com\/wp-content\/uploads\/2021\/03\/climashield-logo-red.jpg","width":422,"height":66,"caption":"Climashield"},"image":{"@id":"https:\/\/climashield.com\/pl\/#\/schema\/logo\/image\/"},"sameAs":["https:\/\/www.facebook.com\/Climashield","https:\/\/x.com\/ClimashieldUSA","https:\/\/www.instagram.com\/climashieldusa\/"]}]}},"_links":{"self":[{"href":"https:\/\/climashield.com\/pl\/wp-json\/wp\/v2\/pages\/1912","targetHints":{"allow":["GET"]}}],"collection":[{"href":"https:\/\/climashield.com\/pl\/wp-json\/wp\/v2\/pages"}],"about":[{"href":"https:\/\/climashield.com\/pl\/wp-json\/wp\/v2\/types\/page"}],"author":[{"embeddable":true,"href":"https:\/\/climashield.com\/pl\/wp-json\/wp\/v2\/users\/2"}],"replies":[{"embeddable":true,"href":"https:\/\/climashield.com\/pl\/wp-json\/wp\/v2\/comments?post=1912"}],"version-history":[{"count":0,"href":"https:\/\/climashield.com\/pl\/wp-json\/wp\/v2\/pages\/1912\/revisions"}],"wp:featuredmedia":[{"embeddable":true,"href":"https:\/\/climashield.com\/pl\/wp-json\/wp\/v2\/media\/728"}],"wp:attachment":[{"href":"https:\/\/climashield.com\/pl\/wp-json\/wp\/v2\/media?parent=1912"}],"curies":[{"name":"wp","href":"https:\/\/api.w.org\/{rel}","templated":true}]}}